{"id":1111,"date":"2021-10-23T19:08:27","date_gmt":"2021-10-23T19:08:27","guid":{"rendered":"http:\/\/feng-shui-dao.de\/?page_id=1111"},"modified":"2021-10-29T09:58:41","modified_gmt":"2021-10-29T09:58:41","slug":"nautico","status":"publish","type":"page","link":"https:\/\/feng-shui-dao.de\/?page_id=1111","title":{"rendered":"Nautico Fountain"},"content":{"rendered":"<p><img loading=\"lazy\" decoding=\"async\" class=\"alignnone wp-image-1103 size-full\" src=\"http:\/\/feng-shui-dao.de\/wp-content\/uploads\/2021\/10\/webheader_130215-scaled.jpg\" alt=\"\" width=\"2560\" height=\"646\" srcset=\"https:\/\/feng-shui-dao.de\/wp-content\/uploads\/2021\/10\/webheader_130215-scaled.jpg 2560w, https:\/\/feng-shui-dao.de\/wp-content\/uploads\/2021\/10\/webheader_130215-300x76.jpg 300w, https:\/\/feng-shui-dao.de\/wp-content\/uploads\/2021\/10\/webheader_130215-1024x258.jpg 1024w, https:\/\/feng-shui-dao.de\/wp-content\/uploads\/2021\/10\/webheader_130215-768x194.jpg 768w, https:\/\/feng-shui-dao.de\/wp-content\/uploads\/2021\/10\/webheader_130215-1536x387.jpg 1536w, https:\/\/feng-shui-dao.de\/wp-content\/uploads\/2021\/10\/webheader_130215-2048x516.jpg 2048w\" sizes=\"(max-width: 2560px) 100vw, 2560px\" \/><\/p>\n<p>WASSER<\/p>\n<p>Ursprung allen Lebens<\/p>\n<p>Wasser flie\u00dft in den Str\u00f6mungen der Meere um den ganzen Planeten herum. Es ist in der Atmosph\u00e4re in st\u00e4ndiger Bewegung; flie\u00dft in unseren menschlichen K\u00f6rper und in allem Lebendigen.<\/p>\n<p>Keine so vielf\u00e4ltige Lebensform wie auf der Erde, w\u00e4re ohne Wasser in der Sch\u00f6pfung m\u00f6glich. Alles Leben kommt durch das Element Wasser in Bewegung und wir ben\u00f6tigen es t\u00e4glich.<\/p>\n<p><img loading=\"lazy\" decoding=\"async\" class=\"aligncenter wp-image-1136\" src=\"http:\/\/feng-shui-dao.de\/wp-content\/uploads\/2021\/10\/Siegel-2021.jpg\" alt=\"\" width=\"640\" height=\"382\" srcset=\"https:\/\/feng-shui-dao.de\/wp-content\/uploads\/2021\/10\/Siegel-2021.jpg 640w, https:\/\/feng-shui-dao.de\/wp-content\/uploads\/2021\/10\/Siegel-2021-300x179.jpg 300w\" sizes=\"(max-width: 640px) 100vw, 640px\" \/><\/p>\n<p>Viele Menschen verlieren sich in der Geschwindigkeit des modernen Lebens. Wasser reduziert das allt\u00e4gliche Feuer und wirkt sanft einem Burnout entgegen. Feuer ist die m\u00e4nnliche impulsive Energie und Wasser ist das weibliche, der Ursprung den wir oft im Alltag vergessen.<\/p>\n<p>Ein Nautico Fountain unterst\u00fctzt Sie beim Entspannen und hilft Ihnen, im Flow zu sein. Wir sind alle auf der Reise mit den Wellen in unserem Leben. Es ist wichtig mit dieser Quelle verbunden zu sein, und dies ist die Idee von Nautico Fountain. Eine sanfte Brise in Verbindung zu den sieben Weltmeeren.<\/p>\n<p><img loading=\"lazy\" decoding=\"async\" class=\"aligncenter wp-image-1131 size-full\" src=\"http:\/\/feng-shui-dao.de\/wp-content\/uploads\/2021\/10\/NF-Sample.jpg\" alt=\"\" width=\"640\" height=\"960\" srcset=\"https:\/\/feng-shui-dao.de\/wp-content\/uploads\/2021\/10\/NF-Sample.jpg 640w, https:\/\/feng-shui-dao.de\/wp-content\/uploads\/2021\/10\/NF-Sample-200x300.jpg 200w\" sizes=\"(max-width: 640px) 100vw, 640px\" \/><\/p>\n<p>H2O ist eine chemische Verbindung aus den Elementen Wasserstoff (H) und Sauerstoff (O). Wasser ist die einzige chemische Verbindung auf der Erde in der Natur als Fl\u00fcssigkeit, als Festk\u00f6rper und als Gas existiert.<\/p>\n<p>Steht Wasser unter Reibung, in Bewegung, wird vermehrt Sauerstoff frei. Wie Sie es an Fl\u00fcssen und B\u00e4chen in der Natur feststellen k\u00f6nnen.<\/p>\n<p>Mit einem Nautico Fountain erhalten Sie ein besonderes, nat\u00fcrliches Designobjekt, das eine erfrischende Wirkung in ihrer Umgebung erzeugen wird. Diese Kraft ist sofort sp\u00fcrbar und wirkt sanft anregend, nicht nur f\u00fcr uns Menschen, sondern auch f\u00fcr Ihre geliebten Tiere.<\/p>\n<p>K\u00fcnstliche Brunnen aus Kunststoff, oder anderen Materialien erzeugen diese Effizienz nicht. Denn es kommt sehr auf die Nat\u00fcrlichkeit und die Oberfl\u00e4che des Materials an.<\/p>\n<p><img loading=\"lazy\" decoding=\"async\" class=\"aligncenter wp-image-1129 size-full\" src=\"http:\/\/feng-shui-dao.de\/wp-content\/uploads\/2021\/10\/Ionisierung-2.png\" alt=\"\" width=\"399\" height=\"600\" srcset=\"https:\/\/feng-shui-dao.de\/wp-content\/uploads\/2021\/10\/Ionisierung-2.png 399w, https:\/\/feng-shui-dao.de\/wp-content\/uploads\/2021\/10\/Ionisierung-2-200x300.png 200w\" sizes=\"(max-width: 399px) 100vw, 399px\" \/><\/p>\n<p>Jeder Nautico Fountain ist ein einzigartiges Exemplar der Natur. Das Basiselement stammt aus dem Meer und wird aus einer Tiefe von bis zu 30 m entnommen. Dabei wird R\u00fccksicht auf das \u00d6kosystem genommen. Die Unterwasserwelt darauf nicht beeintr\u00e4chtigt oder gesch\u00e4digt. Nichts wird dem Meer entnommen, wo sich seltene Korallen und\u00a0 seltenes Leben angesiedelt hat.<\/p>\n<p>Viele Menschen verlieren sich in der Geschwindigkeit des modernen Lebens. Wasser reduziert oder l\u00f6scht das Feuer. Das Feuer brennt in diesen Zeiten so sehr in unserem Leben und gibt die St\u00e4rke auch w\u00e4hrend Kriegen zum Ausdruck. Feuer ist die m\u00e4nnliche impulsive Energie und Wasser ist das weibliche, der Ursprung den wir oft im Alltag vergessen.<\/p>\n<p>Die Begriffe im Fluss sein, Flow, Geschmeidigkeit hat mit dem Wasser zu tun.<\/p>\n<p>Ein Nautico Fountain unterst\u00fctzt Sie beim Entspannen und hilft Ihnen, im Flow zu sein. Wir sind alle auf der Reise mit den Wellen in unserem Leben. Es ist wichtig mit dieser Quelle verbunden zu sein, und dies ist die Idee von Nautico Fountain. Eine sanfte Brise in Verbindung zu den sieben Weltmeeren.<\/p>\n<p>Jeder Brunnen enth\u00e4lt ein St\u00fcck menschliches Erbe aus dem Meer. Diese mindern nicht die Wirkung und den Wert des Objekts. Dabei kann es sich um kleine Elemente von versunkenen Bootsr\u00fcmpfen und deren Konstruktionen handeln. Oder aber auch anderes, was aufgegeben wurde. Im Laufe der Jahre beeinflusst das Meer diese Materialien und diese Elemente verleihen jedem Nautico-Brunnen ein besonderes k\u00fcnstlerisches Unikat. Ich sehe dies als einen symbolischen Beitrag rund um die Verantwortung des Menschen auf dieser Erde und dem Meer wieder.<\/p>\n<p><img loading=\"lazy\" decoding=\"async\" class=\"aligncenter wp-image-1126\" src=\"http:\/\/feng-shui-dao.de\/wp-content\/uploads\/2021\/10\/Diving.jpg\" alt=\"\" width=\"640\" height=\"480\" srcset=\"https:\/\/feng-shui-dao.de\/wp-content\/uploads\/2021\/10\/Diving.jpg 800w, https:\/\/feng-shui-dao.de\/wp-content\/uploads\/2021\/10\/Diving-300x225.jpg 300w, https:\/\/feng-shui-dao.de\/wp-content\/uploads\/2021\/10\/Diving-768x576.jpg 768w\" sizes=\"(max-width: 640px) 100vw, 640px\" \/><\/p>\n","protected":false},"excerpt":{"rendered":"<p>WASSER Ursprung allen Lebens Wasser flie\u00dft in den Str\u00f6mungen der Meere um den ganzen Planeten herum. Es ist in der Atmosph\u00e4re in st\u00e4ndiger Bewegung; flie\u00dft in unseren menschlichen K\u00f6rper und in allem Lebendigen. Keine so vielf\u00e4ltige Lebensform wie auf der Erde, w\u00e4re ohne Wasser in der Sch\u00f6pfung m\u00f6glich. Alles Leben kommt durch das Element Wasser<\/p>\n<div><a class=\"btn-filled btn\" href=\"https:\/\/feng-shui-dao.de\/?page_id=1111\" title=\"Nautico Fountain\">Weiterlesen<\/a><\/div>\n","protected":false},"author":1,"featured_media":0,"parent":0,"menu_order":0,"comment_status":"closed","ping_status":"closed","template":"","meta":{"footnotes":""},"_links":{"self":[{"href":"https:\/\/feng-shui-dao.de\/index.php?rest_route=\/wp\/v2\/pages\/1111"}],"collection":[{"href":"https:\/\/feng-shui-dao.de\/index.php?rest_route=\/wp\/v2\/pages"}],"about":[{"href":"https:\/\/feng-shui-dao.de\/index.php?rest_route=\/wp\/v2\/types\/page"}],"author":[{"embeddable":true,"href":"https:\/\/feng-shui-dao.de\/index.php?rest_route=\/wp\/v2\/users\/1"}],"replies":[{"embeddable":true,"href":"https:\/\/feng-shui-dao.de\/index.php?rest_route=%2Fwp%2Fv2%2Fcomments&post=1111"}],"version-history":[{"count":14,"href":"https:\/\/feng-shui-dao.de\/index.php?rest_route=\/wp\/v2\/pages\/1111\/revisions"}],"predecessor-version":[{"id":1153,"href":"https:\/\/feng-shui-dao.de\/index.php?rest_route=\/wp\/v2\/pages\/1111\/revisions\/1153"}],"wp:attachment":[{"href":"https:\/\/feng-shui-dao.de\/index.php?rest_route=%2Fwp%2Fv2%2Fmedia&parent=1111"}],"curies":[{"name":"wp","href":"https:\/\/api.w.org\/{rel}","templated":true}]}}