{"id":291,"date":"2017-03-10T14:29:11","date_gmt":"2017-03-10T14:29:11","guid":{"rendered":"http:\/\/feng-shui-dao.de\/?page_id=291"},"modified":"2017-03-10T14:37:26","modified_gmt":"2017-03-10T14:37:26","slug":"vital-energie-broschuere","status":"publish","type":"page","link":"https:\/\/feng-shui-dao.de\/?page_id=291","title":{"rendered":"Vital Energie Brosch\u00fcre"},"content":{"rendered":"<p>Als zerfitizierter Vital Energi Bertater stehe ich bei gr\u00f6\u00dferen Projekten, wie Haus, Office und Hotel, in einem Team mit Architekten und Designern gerne zur Verf\u00fcgung.<\/p>\n<p><a href=\"http:\/\/feng-shui-dao.de\/wp-content\/uploads\/2017\/02\/Vital-Energi-Brosch\u00fcre_.pdf\" target=\"_blank\">Vital-Energi-Brosch\u00fcre<\/a><\/p>\n","protected":false},"excerpt":{"rendered":"<p>Als zerfitizierter Vital Energi Bertater stehe ich bei gr\u00f6\u00dferen Projekten, wie Haus, Office und Hotel, in einem Team mit Architekten und Designern gerne zur Verf\u00fcgung. Vital-Energi-Brosch\u00fcre<\/p>\n","protected":false},"author":1,"featured_media":0,"parent":0,"menu_order":0,"comment_status":"closed","ping_status":"closed","template":"","meta":{"footnotes":""},"_links":{"self":[{"href":"https:\/\/feng-shui-dao.de\/index.php?rest_route=\/wp\/v2\/pages\/291"}],"collection":[{"href":"https:\/\/feng-shui-dao.de\/index.php?rest_route=\/wp\/v2\/pages"}],"about":[{"href":"https:\/\/feng-shui-dao.de\/index.php?rest_route=\/wp\/v2\/types\/page"}],"author":[{"embeddable":true,"href":"https:\/\/feng-shui-dao.de\/index.php?rest_route=\/wp\/v2\/users\/1"}],"replies":[{"embeddable":true,"href":"https:\/\/feng-shui-dao.de\/index.php?rest_route=%2Fwp%2Fv2%2Fcomments&post=291"}],"version-history":[{"count":3,"href":"https:\/\/feng-shui-dao.de\/index.php?rest_route=\/wp\/v2\/pages\/291\/revisions"}],"predecessor-version":[{"id":373,"href":"https:\/\/feng-shui-dao.de\/index.php?rest_route=\/wp\/v2\/pages\/291\/revisions\/373"}],"wp:attachment":[{"href":"https:\/\/feng-shui-dao.de\/index.php?rest_route=%2Fwp%2Fv2%2Fmedia&parent=291"}],"curies":[{"name":"wp","href":"https:\/\/api.w.org\/{rel}","templated":true}]}}