{"id":38,"date":"2017-02-26T18:07:01","date_gmt":"2017-02-26T18:07:01","guid":{"rendered":"http:\/\/feng-shui-dao.de\/?page_id=38"},"modified":"2021-04-16T07:43:20","modified_gmt":"2021-04-16T07:43:20","slug":"weitere-informationen","status":"publish","type":"page","link":"https:\/\/feng-shui-dao.de\/?page_id=38","title":{"rendered":"Basis"},"content":{"rendered":"<p><strong>Die Geschichte des Feng Shui<\/strong><\/p>\n<p>In fr\u00fcheren Zeiten waren nahezu alle Menschen offen f\u00fcr die Harmoniegesetze und Kr\u00e4fte der Natur, konnten Landschaftsformen, Himmelsrichtungen und Symbole intuitiv wahrnehmen und verwenden. V\u00f6llig selbstverst\u00e4ndlich wurden die Auswirkungen der nat\u00fcrlichen Elemente und Energien und das Zusammenschwingen aller Materie in und um uns herum akzeptiert.<\/p>\n<figure id=\"attachment_453\" class=\"thumbnail wp-caption aligncenter style=\"width: 899px\"><img loading=\"lazy\" decoding=\"async\" class=\"wp-image-453\" src=\"http:\/\/feng-shui-dao.de\/wp-content\/uploads\/2018\/01\/1816-1024x804.jpg\" alt=\"\" width=\"889\" height=\"698\" srcset=\"https:\/\/feng-shui-dao.de\/wp-content\/uploads\/2018\/01\/1816.jpg 1024w, https:\/\/feng-shui-dao.de\/wp-content\/uploads\/2018\/01\/1816-300x236.jpg 300w, https:\/\/feng-shui-dao.de\/wp-content\/uploads\/2018\/01\/1816-768x603.jpg 768w\" sizes=\"(max-width: 889px) 100vw, 889px\" \/><figcaption class=\"caption wp-caption-text\">Die Regelwerke der Natur wurden in vielen Kulturen der Welt erkannt und genutzt zum Wohle der menschlichen Gemeinschaften!<\/figcaption><\/figure>\n<p>Diese F\u00e4higkeit zur Wahrnehmung ist im Laufe der westlichen Industrialisierung immer mehr verk\u00fcmmert. Hinzu kamen starke Einfl\u00fcsse unterschiedlicher Epochen, die das Wissen von Energien und das Anwenden von Symbolen bestraften und daf\u00fcr sorgten, dass sehr viel altes und wertvolles Wissen verschwunden ist.<\/p>\n<p>Gl\u00fccklicherweise verlief diese Entwicklung nicht auf dem ganzen Erde parallel. So verf\u00fcgen wir heute \u00fcber den gro\u00dfen Schatz der Jahrtausende alten detaillierten Erfahrungswissenschaften aus China und Asien, die sich dort vor allem der kaiserliche Hof zu Nutzen gemacht hatte.<\/p>\n<p>In Asien wird die Lehre des Feng Shui traditionell schon sowohl bei der Suche nach einem Grundst\u00fcck als auch bei der Errichtung eines Geb\u00e4udes angewendet. So wie wir traditionell St\u00fchle mit vier Beinen kaufen, einfach weil wir wissen, dass das Stabilit\u00e4t und Sicherheit mit sich bringt. Heute kommen Designer auf die Idee, St\u00fchle aus Glas und mit drei Beinen zu entwerfen.<\/p>\n<p><strong>Gl\u00fcckverhei\u00dfende Energien<\/strong><\/p>\n<p>Mit wenigen Symbolen oder Amuletten kann ein Feng Shui-Meister eventuell st\u00f6rende oder gl\u00fcckverhei\u00dfende Energien bewegen und f\u00f6rdern. In den Metropolen Asiens wird Feng Shui in den gr\u00f6\u00dften Unternehmen praktiziert und daraus hat sich dort ein ausgekl\u00fcgeltes System f\u00fcr Erfolg und Wohlstand entwickeln k\u00f6nnen.<\/p>\n<p><strong>Viele der Feng Shui-Prinzipien und Praktiken folgen den Regeln der Natur- und Harmoniegesetze. Und diese lassen sich wissenschaftlich beweisen.<\/strong><\/p>\n<p>Schon die alten Kelten, R\u00f6mer und Griechen haben Feng Shui praktiziert, auch wenn sie es damals anders nannten. So haben die meisten unserer alten Geb\u00e4ude ein ausgewogenes, harmonisch-symmetrisches Design und beachten auch die energetischen Gegebenheiten des Landes.<\/p>\n<p><strong>Qi-Mag Feng Shui &#8211; tiefgr\u00fcndig &amp; zeitgem\u00e4\u00df<\/strong><\/p>\n<p>Das Wort Qi-Mag enth\u00e4lt bereits den Kern dessen, worum es im Qi-Mag Feng Shui geht: Magnetismus von Qi, also Anreicherung von Qi und somit Sauerstoff, der Grundlage f\u00fcr Vitalit\u00e4t, Harmonie und Erfolg.<\/p>\n<p>Unsere Wohn- und Arbeitsr\u00e4ume machen unsere unmittelbare Umgebung aus. In den meisten H\u00e4usern in Europa flie\u00dft jedoch nur eine geringe Vitalenergie. Ursachen sind unter anderem die Haus Form und -gestaltung sowie das k\u00e4ltere Klima in gem\u00e4\u00dfigten Klimazonen. Unsere Untersuchungen haben ergeben, dass die Vitalenergie im Geb\u00e4ude nur etwa f\u00fcnfzig bis sechzig Prozent betr\u00e4gt, wenn bei kaltem Wetter alle Fenster und T\u00fcren geschlossen sind. Auf Grund einer starken Elektrosmogbelastung k\u00f6nnen Vitalenergie und Sauerstoffgehalt noch weiter bis auf unter f\u00fcnfzig Prozent sinken.<\/p>\n<p>Eine der Hauptursachen menschlicher Gesundheitsprobleme ist in Schlafzimmern und am Arbeitsplatz zu suchen. Dort, wo wir uns \u00fcber Stunden aufhalten, sollte das Umfeld so gestaltet sein, dass es unseren K\u00f6rper unterst\u00fctzt und ihm Vitalit\u00e4t gibt.<\/p>\n<p><strong>Sich manifestierende Symbole<\/strong><\/p>\n<p>Die Praxis des Feng Shui umfasste im alten China Geb\u00e4udeanordnungen, Design, Formen und Farben \u2013 aber auch Landschaften, Erdformationen, unterirdisches Qi und die Beurteilung des Qi der Gegend und der Himmelsrichtungen im Zusammenspiel mit den Bewohnern.<\/p>\n<p>Ein Feng Shui-Berater richtet das Feng Shui traditionell nach dem Mann aus, der f\u00fcr den Wohlstand und das Geld einer Familie zu sorgen hat, sprich f\u00fcr deren \u00dcberleben. Heutzutage arbeiten aber meist Mann und Frau, auch gibt es viele St\u00f6rzonen, die durch Materialien, Technik und Strom verursacht werden.<\/p>\n<p>Die moderne Baukunst liebt das freie Spiel der Formen und individuellen Darstellungsm\u00f6glichkeiten. So entstehen oft aberwitzige Geb\u00e4ude, die zwar schick sind, aber keine dauerhafte Unterst\u00fctzung f\u00fcr die Bewohner oder das Unternehmen gew\u00e4hren k\u00f6nnen.<\/p>\n<p>Aus Sicht des Feng Shui sind die m\u00f6glichen Auswirkungen sehr h\u00e4ufig vorhersehbar: W\u00fcrden Sie Ihr Geld lieber einer soliden, stabilen Bank mit festen Mauern anvertrauen? Oder einem Prunkpalast aus dem zerbrechlichen Material Glas, der keine Energie halten kann? Aus Sicht des Feng Shui war die aktuelle Finanzkrise schon Jahre zuvor vorhersehbar. Denn der Mensch sollte die sich manifestierenden Symbole nicht getrennt von sich sehen.<\/p>\n<figure id=\"attachment_423\" class=\"thumbnail wp-caption aligncenter style=\"width: 899px\"><img loading=\"lazy\" decoding=\"async\" class=\"wp-image-423 size-full\" src=\"http:\/\/feng-shui-dao.de\/wp-content\/uploads\/2018\/01\/Fotolia_59512295_M-e1515489041657.jpg\" alt=\"\" width=\"889\" height=\"592\" \/><figcaption class=\"caption wp-caption-text\">Der Drache ist im asiatischen Raum ein Symbol f\u00fcr Gl\u00fcck, Vitaltit\u00e4t und der Yang Energie.<\/figcaption><\/figure>\n<p><strong>Moderne Herausforderungen<\/strong><\/p>\n<p>Als internationaler Bertater Qi-Mag Instituts habe ich es mir zur Aufgabe gemacht, die oben erw\u00e4hnten modernen Feng Shui-Herausforderungen bei Beratungen mit einzubeziehen. Ich nehme das Wissen der taoistischen Vorfahren ernst:<\/p>\n<p>Es geht darum, Energien zu harmonisieren und das Qi anzureichern.<\/p>\n<p>Wie kann klassisches Feng Shui helfen, wenn Sie auf St\u00f6rzonen schlafen, durch Funk- und Elektrostrahlung der Luft der Sauerstoff fehlt oder Sie in Glasvitrinen sitzen m\u00fcssen, die kein Qi halten k\u00f6nnen?<\/p>\n<p>Mit dem Fundament all seiner pers\u00f6nlichen Beobachtungen, dem von Grund auf erlernten Wissen \u00fcber Gesundheit, Feng Shui, erfolgreiche Gesch\u00e4fte und die uns umgebenden Energien entwickelte Jes Lim \u00fcber Jahrzehnte das international anerkannte Qi-Mag Feng Shui das ich zielgerichtet anwende.<\/p>\n<p>Qi-Mag Feng Shui bedient sich in allen Details des klassischen Wissens um gutes Feng Shui und wendet dies in einer modernen und zeitgem\u00e4\u00dfen Form an: Sowohl wenn es darum, geht neue Geb\u00e4ude zu konzipieren, als auch wenn Bestehendes zum Wohle und Segen aller umgestaltet werden soll.<\/p>\n<p><strong>Wie funktioniert Feng Shui?<\/strong><\/p>\n<p>Es geht im Feng Shui in erster Linie darum, das Qi und somit den Sauerstoffgehalt und die Vitalit\u00e4t anzuheben. Feng Shui bezeichnet jedoch auch die Kunst, die Energien der Objekte und Umgebungen wahrzunehmen und diese in eine positive Schwingung zu transformieren, sodass die Bewohner in einem lebendigen Umfeld gesund leben und sich entfalten k\u00f6nnen.<\/p>\n<p>Qi-Mag Feng Shui unterscheidet dabei nicht zwischen positiven und negativen Energieformen, sondern zwischen linksdrehenden und rechtsdrehenden Energien.<\/p>\n<p><strong>Links- und rechtsdrehende Energien<\/strong><\/p>\n<p>Linksdrehende Energien sind nicht gut f\u00fcr uns, da sie sich nach oben bewegen und somit unsere Balance aus dem Gleichgewicht bringen k\u00f6nnen. Rechtsdrehende Energien gehen nach unten, somit erden sie uns und gleichen uns aus. Wenn an einem Ort rechtsdrehende Energien vorherrschen, dann geht dort \u00fcber kurz oder lang alles in diese lebensbejahende Energieform \u00fcber. Ist ein Platz jedoch von stark linksdrehenden Energien belastet, dann leidet selbst der ges\u00fcndeste K\u00f6rper \u00fcber kurz oder lang an Energiemangel, weil das linksdrehende Umfeld den K\u00f6rper einh\u00fcllt und er um seine Erhaltung k\u00e4mpfen muss.<\/p>\n<p>Qi-Mag-Berater sind darauf spezialisiert, rechtsdrehende Energiepunkte zu verst\u00e4rken und linksdrehende Pl\u00e4tze und Gegenst\u00e4nde in lebensbejahende Schwingungen (rechtsdrehende Energien) zu transformieren.<\/p>\n<p><strong>Resonanz-Gesetz<\/strong><\/p>\n<p>Der Taoismus geht davon aus, dass alles Schwingung ist, dass nichts dauerhaft und fest ist, sondern sich im stetigen Wandel und in Resonanz mit dem eigenen Bewusstsein befindet. So k\u00f6nnen sich zerst\u00f6rerische Energien genauso im \u00c4u\u00dferen manifestieren wie liebevolle, heilsame Energien. Wir ziehen also genau das im Au\u00dfen an, was mit unserem Inneren in Resonanz ist.<\/p>\n<p>Will man sein Leben aktiv in die Hand nehmen, dann gibt es zwei Wege: Einerseits arbeitet man an sich selbst. So wird sich auch im Laufe der Zeit das Umfeld entsprechend verbessern. Oder man analysiert bewusst sein Umfeld und \u00e4ndert dieses, sodass sich das Innere und Gew\u00fcnschte darin entfalten kann. Es geht im Feng Shui also darum, die f\u00fcr uns Menschen belastende ung\u00fcnstige Matrix im Au\u00dfen zu erkennen, zu harmonisieren und positiv zu transformieren.<\/p>\n<p>Ziel ist es, die Menschen in Resonanz mit dem Leben zu bringen, zu allem Vitalen, und sie in Harmonie und Freude und in den gew\u00fcnschten Lebensfluss zu begleiten.<\/p>\n<p><strong>Kosmisches Qi &amp; Sauerstoff<\/strong><\/p>\n<p>Kosmisches Qi ist die Energie, die alle Lebewesen durchstr\u00f6mt und ihnen Leben einhaucht. Man kann es sich als winzige Partikel vorstellen, die im Kosmos entstehen und auf die Erde gelangen, wo sie sich mit Sauerstoff verbinden. Qi ist nicht nur im K\u00f6rper aller Lebewesen, sondern auch in der Erdatmosph\u00e4re oder tief im Boden zu finden. Elektrosmog, Funkbelastung, geopathische Stressfelder, ung\u00fcnstige Symbole und Formen haben zur Folge, dass der Qi- und Sauerstoffgehalt in R\u00e4umen nicht optimal, sondern oft so schlecht ist, dass es uns an Vitalit\u00e4t und Freude mangelt &#8211; mit den daraus resultierenden Folgen von Krankheit und Misserfolg.<\/p>\n<p>Im Feng Shui geht es darum, mit gezielten Ma\u00dfnahmen, positiven Symbolen und zum Beispiel Brunnen die Luft negativ zu ionisieren und damit das Qi und den Sauerstoffgehalt zu erh\u00f6hen. Ziel ist, dass der Mensch ein Optimum an Lebensqualit\u00e4t erfahren kann.<\/p>\n<figure id=\"attachment_425\" class=\"thumbnail wp-caption alignnone style=\"width: 899px\"><img loading=\"lazy\" decoding=\"async\" class=\"wp-image-425 size-full\" src=\"http:\/\/feng-shui-dao.de\/wp-content\/uploads\/2018\/01\/Fotolia_12602147_S.jpg\" alt=\"\" width=\"889\" height=\"540\" srcset=\"https:\/\/feng-shui-dao.de\/wp-content\/uploads\/2018\/01\/Fotolia_12602147_S.jpg 889w, https:\/\/feng-shui-dao.de\/wp-content\/uploads\/2018\/01\/Fotolia_12602147_S-300x182.jpg 300w, https:\/\/feng-shui-dao.de\/wp-content\/uploads\/2018\/01\/Fotolia_12602147_S-768x467.jpg 768w\" sizes=\"(max-width: 889px) 100vw, 889px\" \/><figcaption class=\"caption wp-caption-text\">Der Kompass in der Form eines Lopans ist ein wichtiges Werkzeug zum Erkennen von Kr\u00e4ften.<\/figcaption><\/figure>\n<p><strong>Ausrichtung &#8211; Fokus<\/strong><\/p>\n<p>Qi-Energie folgt dem Bewusstsein, hei\u00dft es. Wenn wir also bewusst ein Symbol verwenden, dann ist das wie eine Bestellung im Universum und zieht automatisch das symbolisierte Thema an. Die eigene pers\u00f6nliche Klarheit und Entscheidung ist hierzu nat\u00fcrlich sehr wichtig. Die Quantenphysik best\u00e4tigt dieses Prinzip mittlerweile.<\/p>\n<p>Genau diese Kraft nutzen wir im Feng Shui.<\/p>\n<p>Feng Shui bietet eine hervorragende M\u00f6glichkeit, sich f\u00fcr das pers\u00f6nliche und gesch\u00e4ftliche Leben bewusst neuen Raum zu schaffen. Raum f\u00fcr pers\u00f6nliche Entfaltung, Freude und Erfolg als Mensch der nicht von der Sch\u00f6pfung getrennt ist.<\/p>\n<p style=\"text-align: center;\"><img loading=\"lazy\" decoding=\"async\" class=\"alignnone wp-image-1083 size-thumbnail\" src=\"http:\/\/feng-shui-dao.de\/wp-content\/uploads\/2021\/04\/QI-MAG-Logo-new-2-150x150.png\" alt=\"\" width=\"150\" height=\"150\" srcset=\"https:\/\/feng-shui-dao.de\/wp-content\/uploads\/2021\/04\/QI-MAG-Logo-new-2-150x150.png 150w, https:\/\/feng-shui-dao.de\/wp-content\/uploads\/2021\/04\/QI-MAG-Logo-new-2.png 170w\" sizes=\"(max-width: 150px) 100vw, 150px\" \/><\/p>\n<p>&nbsp;<\/p>\n","protected":false},"excerpt":{"rendered":"<p>Die Geschichte des Feng Shui In fr\u00fcheren Zeiten waren nahezu alle Menschen offen f\u00fcr die Harmoniegesetze und Kr\u00e4fte der Natur, konnten Landschaftsformen, Himmelsrichtungen und Symbole intuitiv wahrnehmen und verwenden. V\u00f6llig selbstverst\u00e4ndlich wurden die Auswirkungen der nat\u00fcrlichen Elemente und Energien und das Zusammenschwingen aller Materie in und um uns herum akzeptiert. Diese F\u00e4higkeit zur Wahrnehmung ist<\/p>\n<div><a class=\"btn-filled btn\" href=\"https:\/\/feng-shui-dao.de\/?page_id=38\" title=\"Basis\">Weiterlesen<\/a><\/div>\n","protected":false},"author":1,"featured_media":0,"parent":0,"menu_order":0,"comment_status":"closed","ping_status":"closed","template":"","meta":{"footnotes":""},"_links":{"self":[{"href":"https:\/\/feng-shui-dao.de\/index.php?rest_route=\/wp\/v2\/pages\/38"}],"collection":[{"href":"https:\/\/feng-shui-dao.de\/index.php?rest_route=\/wp\/v2\/pages"}],"about":[{"href":"https:\/\/feng-shui-dao.de\/index.php?rest_route=\/wp\/v2\/types\/page"}],"author":[{"embeddable":true,"href":"https:\/\/feng-shui-dao.de\/index.php?rest_route=\/wp\/v2\/users\/1"}],"replies":[{"embeddable":true,"href":"https:\/\/feng-shui-dao.de\/index.php?rest_route=%2Fwp%2Fv2%2Fcomments&post=38"}],"version-history":[{"count":39,"href":"https:\/\/feng-shui-dao.de\/index.php?rest_route=\/wp\/v2\/pages\/38\/revisions"}],"predecessor-version":[{"id":1084,"href":"https:\/\/feng-shui-dao.de\/index.php?rest_route=\/wp\/v2\/pages\/38\/revisions\/1084"}],"wp:attachment":[{"href":"https:\/\/feng-shui-dao.de\/index.php?rest_route=%2Fwp%2Fv2%2Fmedia&parent=38"}],"curies":[{"name":"wp","href":"https:\/\/api.w.org\/{rel}","templated":true}]}}