{"id":49,"date":"2017-02-26T18:31:39","date_gmt":"2017-02-26T18:31:39","guid":{"rendered":"http:\/\/feng-shui-dao.de\/?page_id=49"},"modified":"2018-01-11T19:25:05","modified_gmt":"2018-01-11T19:25:05","slug":"privat","status":"publish","type":"page","link":"https:\/\/feng-shui-dao.de\/?page_id=49","title":{"rendered":"Privat"},"content":{"rendered":"<p><strong>Wohnungen und H\u00e4user<\/strong><\/p>\n<p>Sie m\u00f6chten Ihren Lebensraum Neu gestalten, m\u00f6chten eine Planungshilfe und vorab eine ganzheiltiche Analyse, die Sie bei Ihrem Vorhaben unterst\u00fctzt?<br \/>\nSie m\u00f6chten die Architektur, Innenarchitektur &amp; Interieur optimieren und erfahren wo \u00c4nderungen an der vorhandenen Gestaltung schnell eine positive Wirkung entfalten?<br \/>\nSie m\u00f6chten die Entwicklung, die Gesundheit und Vitalit\u00e4t Ihrer Familie unterst\u00fctzen und stellen fest das es z.B. Schlafprobleme bei den Kindern gibt?<br \/>\nWenn Sie nur eine Frage mit Ja beantworten k\u00f6nnen, dann macht bereits eine Analyse der bestehenden Raumsituation Sinn.<\/p>\n<figure id=\"attachment_453\" class=\"thumbnail wp-caption alignnone style=\"width: 1034px\"><img loading=\"lazy\" decoding=\"async\" class=\"wp-image-453 size-large\" src=\"http:\/\/feng-shui-dao.de\/wp-content\/uploads\/2018\/01\/1816-1024x804.jpg\" alt=\"\" width=\"1024\" height=\"804\" srcset=\"https:\/\/feng-shui-dao.de\/wp-content\/uploads\/2018\/01\/1816.jpg 1024w, https:\/\/feng-shui-dao.de\/wp-content\/uploads\/2018\/01\/1816-300x236.jpg 300w, https:\/\/feng-shui-dao.de\/wp-content\/uploads\/2018\/01\/1816-768x603.jpg 768w\" sizes=\"(max-width: 1024px) 100vw, 1024px\" \/><figcaption class=\"caption wp-caption-text\">Die Regelwerke der Natur werden in vielen Kulturen der Welt erkannt und genutzt zum Wohle der menschlichen Gemeinschaften.<\/figcaption><\/figure>\n<p>Die klassische Aufgabe eines Feng Shui Beraters ist es, sich auf Sie und Ihren Lebensraum einzustimmen. Ihnen sinnvolle L\u00f6sungen, egal im welchen Bereich aufzuzeigen deren Wirkungen Sie sp\u00fcren werden.<\/p>\n<p>Meine T\u00e4tigkeit sch\u00fctzt Sie zudem davor eine Fehlinvestiton zu t\u00e4tigen.<\/p>\n<p><strong>Wobei kann ich Sie unterst\u00fctzen:<\/strong><\/p>\n<ul>\n<li>Auswahl der idealen Wohnung oder Haus, falls Sie sich noch nicht entschieden haben<\/li>\n<li>Analyse der bestehenden Architektur, Innenarchitektur und Situation<\/li>\n<li>Planung mit Ihnen und evtl. Ihrem Architekten f\u00fcr die Gestaltung und das Design (Struktur, Farbe, M\u00f6bel, Beleuchtung und weiteres)<\/li>\n<li>Optimierung und Revitalisierung der vorhandenen R\u00e4umlichkeiten<\/li>\n<li>Raumpsycholgie &amp; Kunst im Lebensraum<\/li>\n<li>Schlafplatzuntersuchung f\u00fcr Sie und Ihre Familie<\/li>\n<li>Geomantisches Gutachten f\u00fcr Haus und Garten<\/li>\n<li>Kraftpl\u00e4tze und Minimierung der Wirkung von St\u00f6rzonen<\/li>\n<li>Unterst\u00fctzung bei der Gartengestaltung wenn Sie gerade an einer Planung sind<\/li>\n<li>Zen-Garten Design<\/li>\n<li>Wasserdrachen Feng Shui \/ Das Element Wasser im Aussen und Innen \/ Design und Planung<\/li>\n<li>Chineschische Astrologie \/ Pers\u00f6nlichkeitsanalyse f\u00fcr das Entfaltungspotential<\/li>\n<\/ul>\n<p>Freuen Sie sich eine T\u00fcr zu \u00f6ffnen, die Sie mit Ihrem Zuhause, der umgebenden Natur und dem Ort an dem Sie leben auf besondere Weise verbindet.<\/p>\n<p>Gerne stehe ich bei R\u00fcckfragen zur Verf\u00fcgung.<\/p>\n<p style=\"text-align: center;\"><img loading=\"lazy\" decoding=\"async\" class=\"alignnone size-thumbnail wp-image-633 aligncenter\" src=\"http:\/\/feng-shui-dao.de\/wp-content\/uploads\/2018\/01\/Vital-Energi-Harmonie-Vita-150x150.png\" alt=\"\" width=\"150\" height=\"150\" srcset=\"https:\/\/feng-shui-dao.de\/wp-content\/uploads\/2018\/01\/Vital-Energi-Harmonie-Vita-150x150.png 150w, https:\/\/feng-shui-dao.de\/wp-content\/uploads\/2018\/01\/Vital-Energi-Harmonie-Vita.png 270w\" sizes=\"(max-width: 150px) 100vw, 150px\" \/><br \/>\nDiese Grafik zeigt auf sch\u00f6ne Weise auf, worum es bei den Beratungen f\u00fcr Sie und Ihre Familie geht.<\/p>\n","protected":false},"excerpt":{"rendered":"<p>Wohnungen und H\u00e4user Sie m\u00f6chten Ihren Lebensraum Neu gestalten, m\u00f6chten eine Planungshilfe und vorab eine ganzheiltiche Analyse, die Sie bei Ihrem Vorhaben unterst\u00fctzt? Sie m\u00f6chten die Architektur, Innenarchitektur &amp; Interieur optimieren und erfahren wo \u00c4nderungen an der vorhandenen Gestaltung schnell eine positive Wirkung entfalten? Sie m\u00f6chten die Entwicklung, die Gesundheit und Vitalit\u00e4t Ihrer Familie unterst\u00fctzen<\/p>\n<div><a class=\"btn-filled btn\" href=\"https:\/\/feng-shui-dao.de\/?page_id=49\" title=\"Privat\">Weiterlesen<\/a><\/div>\n","protected":false},"author":1,"featured_media":0,"parent":0,"menu_order":0,"comment_status":"closed","ping_status":"closed","template":"","meta":{"footnotes":""},"_links":{"self":[{"href":"https:\/\/feng-shui-dao.de\/index.php?rest_route=\/wp\/v2\/pages\/49"}],"collection":[{"href":"https:\/\/feng-shui-dao.de\/index.php?rest_route=\/wp\/v2\/pages"}],"about":[{"href":"https:\/\/feng-shui-dao.de\/index.php?rest_route=\/wp\/v2\/types\/page"}],"author":[{"embeddable":true,"href":"https:\/\/feng-shui-dao.de\/index.php?rest_route=\/wp\/v2\/users\/1"}],"replies":[{"embeddable":true,"href":"https:\/\/feng-shui-dao.de\/index.php?rest_route=%2Fwp%2Fv2%2Fcomments&post=49"}],"version-history":[{"count":52,"href":"https:\/\/feng-shui-dao.de\/index.php?rest_route=\/wp\/v2\/pages\/49\/revisions"}],"predecessor-version":[{"id":798,"href":"https:\/\/feng-shui-dao.de\/index.php?rest_route=\/wp\/v2\/pages\/49\/revisions\/798"}],"wp:attachment":[{"href":"https:\/\/feng-shui-dao.de\/index.php?rest_route=%2Fwp%2Fv2%2Fmedia&parent=49"}],"curies":[{"name":"wp","href":"https:\/\/api.w.org\/{rel}","templated":true}]}}