{"id":603,"date":"2018-01-09T09:37:05","date_gmt":"2018-01-09T09:37:05","guid":{"rendered":"http:\/\/feng-shui-dao.de\/?page_id=603"},"modified":"2018-03-25T11:29:51","modified_gmt":"2018-03-25T11:29:51","slug":"geomantie-geobiologie","status":"publish","type":"page","link":"https:\/\/feng-shui-dao.de\/?page_id=603","title":{"rendered":"Geomantie"},"content":{"rendered":"<div>\n<p><strong>Die Wissenschaft der Geomantie<br \/>\n<\/strong><\/p>\n<p>Die Kunst der Geomantie wurde in vielen Kulturen der Welt praktiziert, bis sie im letzten Jahrhundert in der westlichen Welt mehr und mehr verloren ging. Man begann Materie nicht mehr als Energieform, als etwas Lebendiges und Beseeltes zu betrachten, sondern als etwas Statisches und Unbelebtes.<\/p>\n<p>In Europa wird die Kunst der Geomantie bereits seit Jahrtausenden praktiziert. Unsere Vorfahren standen noch mehr mit den uns umgebenden Energien und Naturwesen in Verbindung, sie hatten ein mystisches, magisches Weltbild. Das Wissen um die Energien in der Erde wurde in fr\u00fcheren Zeiten sehr bewusst wahrgenommen. Vor der Christianisierung lebten die germanischen und keltischen St\u00e4mme in intuitiver Verbindung mit Mutter Natur. Die Inquisition\u00a0hat\u00a0allerdings einen gro\u00dfen Teil des alten Wissens mit Angst und Gewalt zunichte gemacht. Dabei wurden nicht nur Schl\u00f6sser und Gutsh\u00f6fe, sondern\u00a0besonders auch\u00a0Kl\u00f6ster und Kirchen auf\u00a0nat\u00fcrlichen Kraftpl\u00e4tzen errichtet.\u00a0Die Unterst\u00fctzung, die man auf solchen ausgew\u00e4hlten Pl\u00e4tzen erh\u00e4lt, wollten sich die M\u00e4chtigen nicht entgehen lassen. Die fr\u00fchere Baukunst hat die Kraft der Landschaft in ihrer Architektur und Grundst\u00fcckswahl genauestens mit einbezogen und sich zu Nutze gemacht. Bis heute kann man das Erhebende und die Kraft solcher Orte sp\u00fcren.<\/p>\n<figure id=\"attachment_714\" class=\"thumbnail wp-caption aligncenter style=\"width: 899px\"><img loading=\"lazy\" decoding=\"async\" class=\"wp-image-714\" src=\"http:\/\/feng-shui-dao.de\/wp-content\/uploads\/2018\/01\/6275-e1515669639791-1024x719.jpg\" alt=\"\" width=\"889\" height=\"624\" srcset=\"https:\/\/feng-shui-dao.de\/wp-content\/uploads\/2018\/01\/6275-e1515669639791-1024x719.jpg 1024w, https:\/\/feng-shui-dao.de\/wp-content\/uploads\/2018\/01\/6275-e1515669639791-300x211.jpg 300w, https:\/\/feng-shui-dao.de\/wp-content\/uploads\/2018\/01\/6275-e1515669639791-768x539.jpg 768w, https:\/\/feng-shui-dao.de\/wp-content\/uploads\/2018\/01\/6275-e1515669639791.jpg 1695w\" sizes=\"(max-width: 889px) 100vw, 889px\" \/><figcaption class=\"caption wp-caption-text\">Diese Malerei aus Italien zeigt sehr sch\u00f6n wie harmonisch die Geb\u00e4udestrukturen in die Natur integriert wurden.<\/figcaption><\/figure>\n<p><strong>Offenheit f\u00fcr die Energien der Erde<\/strong><\/p>\n<p>Auch das einfache Volk hatte Gesp\u00fcr und war offen f\u00fcr Energien aus der Erde und der Umgebung. Im Allg\u00e4u legten die Bauern zum Beispiel fr\u00fcher einen Spiegel mit der Spiegelseite Richtung Erde, wenn die Kinder Bettn\u00e4sser waren. Sie spiegelten so die belastenden Energien der Wasseradern wieder zur\u00fcck in den Boden \u2013 bis heute eine wirksame Methode, die allerdings sorgsam angewendet werden muss.<\/p>\n<p><strong>Weihung von Pl\u00e4tzen<\/strong><\/p>\n<p>In China hat die Geomantie eine starke Tradition. Taoismus befasst sich umfassend mit der Meisterschaft \u00fcber die Energien, so auch mit der Energie, die aus der Erde steigt, die Steine, Berge, Orte, Wasser und Pflanzen beseelt. Traditionell holt man im alten China taoistische Geomanten hinzu, um einen Platz zu weihen, bevor man ihn bezieht oder bebaut. Auch s\u00e4ubern diese Meister einen Wohnort von Krankheiten und Ungl\u00fcck, da solche Geschehnisse \u00fcber lange Zeitr\u00e4ume gespeichert sein und somit negative Auswirkungen auch auf sp\u00e4tere Bewohner haben k\u00f6nnen.<\/p>\n<p><strong>Verehrung der Berge<\/strong><\/p>\n<p>Von China aus verbreitete sich diese Kunst in viele L\u00e4nder Asiens. In Bhutan geh\u00f6rt bis heute noch die Kunst der Geomantie \/ Tsepa neben der\u00a0Zimmerei zu den zw\u00f6lf traditionellen K\u00fcnsten. Im alten Tibet haben die Einheimischen Berge geehrt: Man versuchte zu vermeiden, diese zu verletzten. Wenn man doch\u00a0den Berg angraben\u00a0musste, bereitete man dies mit Ritualen und Opferungen vor. F\u00fcr die Tibeter sind die Berge bis heute durch eine Art Bergk\u00f6nig beseelt. In ihrem Weltbild wird ein Berg stumpf und energiearm, wenn ein Bergk\u00f6nig sich nicht mehr wohl f\u00fchlt und deshalb auswandert. Es gibt Geschichten, wonach die Einheimischen diese Bergk\u00f6nige sehen konnten \u2013 besonders viele Bergk\u00f6nige sind wohl nach der Einwanderung der Chinesen verschwunden, da diese angefangen haben, Gold und Bodensch\u00e4tze zu sch\u00fcrfen.<\/p>\n<p><strong>Hochachtung vor der Kraft der Natur<\/strong><\/p>\n<p>In Indien werden bis heute B\u00e4ume als Personen und Gottheiten verehrt. Man bringt ihnen Opferungen dar und macht bestimmte Rituale f\u00fcr sie. Die Verbundenheit der Indianer Nordamerikas mit der Natur sind ebenso bekannt wie die schamanischen F\u00e4higkeiten und das Gesp\u00fcr der Indianer S\u00fcdamerikas. Man findet bei den Aboriginies in Australien, den Maoris in Neuseeland, den St\u00e4mmen Afrikas, den Eskimo-St\u00e4mmen, bei den Kahunas auf Hawaii, aber auch in Russland und Arabien den Respekt und die Hochachtung vor der Kraft der Natur und diverse Rituale und F\u00e4higkeiten, um mit ihr im Einklang zu schwingen.<\/p>\n<p><strong>Der Tao des Wandels<\/strong><\/p>\n<p>Langsam beginnt auch die westliche Wissenschaft zu erkennen, dass alle Materie als freies Spiel der Energien zu betrachten ist und sich st\u00e4ndig bewegt und \u00e4ndert. Sie wird von Gedanken und Gef\u00fchlen beeinflusst und ist gar nicht so solide, dauerhaft und statisch, wie das westliche Bewusstsein diese gro\u00dfteils noch wahrnimmt. Ohne st\u00e4ndigen Wandel w\u00e4re nichts wahrnehmbar. Das Leben w\u00e4re wie ein Bild und nicht wie ein Film. Es ist alles in unserem Universum von Liebe und Leben durchstr\u00f6mt!<\/p>\n<p><strong>\u201eDie Quantenphysik hat erkannt und best\u00e4tigt das jegliche Struktur ein Gesamtfeld erzeugt, was uns darauf aufmerksam macht, wie wichtig eine harmonische Umgebung f\u00fcr den Menschen ist.&#8220; <\/strong>(Dr. Ulrich Warnke-Aus Erkenntnissen der Quantenphysik)<\/p>\n<figure id=\"attachment_715\" class=\"thumbnail wp-caption aligncenter style=\"width: 899px\"><img loading=\"lazy\" decoding=\"async\" class=\"wp-image-715\" src=\"http:\/\/feng-shui-dao.de\/wp-content\/uploads\/2018\/01\/3486-1-1024x804.jpg\" alt=\"\" width=\"889\" height=\"698\" srcset=\"https:\/\/feng-shui-dao.de\/wp-content\/uploads\/2018\/01\/3486-1-1024x804.jpg 1024w, https:\/\/feng-shui-dao.de\/wp-content\/uploads\/2018\/01\/3486-1-300x236.jpg 300w, https:\/\/feng-shui-dao.de\/wp-content\/uploads\/2018\/01\/3486-1-768x603.jpg 768w\" sizes=\"(max-width: 889px) 100vw, 889px\" \/><figcaption class=\"caption wp-caption-text\">Die Kraft oder Energie einer nat\u00fcrlichen Umgebung flie\u00dft immer in ein Geb\u00e4ude ein. Auch Bilder, wie die einer Sommerlandschaft k\u00f6nnen in Eingangsbereichen aufgrund der Symbolik positiv auf das Unterbewusstsein des Betrachters wirken.<\/figcaption><\/figure>\n<div>\n<p><strong>Tao Geomantie<\/strong><\/p>\n<p>Seit Jahrtausenden bewohnen Menschen fruchtbares Land, Pl\u00e4tze und T\u00e4ler. Sie wurden meist in kleinen Siedlungen sesshaft, die sp\u00e4ter zu den heutigen D\u00f6rfern und St\u00e4dten heranwuchsen. Aber was ist vielleicht auf dem St\u00fcck Land schon geschehen, auf dem Sie im Moment gerade sitzen? Was hat sich dort \u00fcber die Jahrhunderte alles abgespielt? Waren es Kriege, Seuchen, V\u00f6lkerwanderungen, Hungersn\u00f6te, Streit und Tod \u2013 oder auch Geburten, Hochzeiten und Feste? Milliarden von Menschen wurden \u00fcber die Jahrhunderte begraben. Ob sie gegen ihren Willen starben oder friedlich entschliefen, ist fraglich \u2013 die Zeit hat Gras dar\u00fcber wachsen lassen. All diese verschiedenen Erinnerungen, Emotionen und Informationen schlummern als eine Art Matrix noch sehr lange an\u00a0dem Ort des Geschehens\u00a0in der Erde.\u00a0Diese metaphysischen Erinnerungen und Energiefelder sind in den feinen Kristallen im Gestein\u00a0gespeichert wie Informationen in den Speicherbausteinen Ihres Computers.<\/p>\n<p><strong>\u00c4nderung der Erdschwingung<\/strong><\/p>\n<p>Im Moment befinden wir uns sowohl am Ende eines galaktischen 26.000-Jahre-Zyklus als auch eines 5000-Jahre-Zyklus der Erde, der\u00a02030 endet. In den letzten Jahren hat sich die Schwingung der Erde messbar von 7,83 Hertz auf \u00fcber zwanzig bis drei\u00dfig Hertz in verschiedenen L\u00e4ndern erh\u00f6ht. Durch diese Schwingungserh\u00f6hung erwachen die schlummernden Energien, die in jedem Quadratmeter Boden ruhen, und kommen vermehrt ans Licht. Diese alten erwachenden Energien k\u00f6nnen zu starken Turbulenzen, Verwirrungen, Depressionen und zu emotionalen und mentalen Probleme bei den Bewohnern f\u00fchren.<\/p>\n<p><strong>Einfluss auf den Menschen<\/strong><\/p>\n<p>Alle\u00a0Energie-Signaturen,\u00a0wie die\u00a0von fr\u00fcheren menschlichen Besiedlungen, bleiben erhalten. Zus\u00e4tzlich hinterlassen nat\u00fcrliche Erdformationen wie unterirdische Wasseradern, Erdverwerfungen oder schwarze Str\u00f6me immer energetische Schwingungen. Diese k\u00f6nnen\u00a0f\u00fcr die Bewohner\u00a0eine\u00a0positive oder negative\u00a0Rolle spielen. Handelt es sich um besonders starke linksdrehende Energien, dann k\u00f6nnen diese bei l\u00e4ngerer Verweildauer dem menschlichen K\u00f6rper, der rechtsdrehend ist, Kraft entziehen. Dies kann bei kerngesunden, genetisch und karmisch v\u00f6llig unbelasteten Menschen nur zu einer leichten M\u00fcdigkeit oder Ersch\u00f6pfung f\u00fchren, die der K\u00f6rper an anderer Stelle wieder ausgleicht. Bei Menschen, deren System aber durch Stress, zus\u00e4tzliche andere Belastungen, Krankheit oder die emotionale Verfassung gest\u00f6rt ist, kann es zu einer erheblichen Schw\u00e4chung des Systems kommen, die wiederum Ausl\u00f6ser und Verst\u00e4rker f\u00fcr weitere k\u00f6rperliche oder emotionale Symptome sein kann.<\/p>\n<p><strong>Wichtig:<\/strong><\/p>\n<p><strong>Bei einer Beratung werden L\u00f6sungen zudem Kraftorte aufgezeigt, die Sie durch eine bewusste Gestaltung erkennen und nutzen k\u00f6nnen.<\/strong><\/p>\n<p>Auszug Quelle Geolino:<\/p>\n<figure id=\"attachment_642\" class=\"thumbnail wp-caption aligncenter style=\"width: 745px\"><img loading=\"lazy\" decoding=\"async\" class=\"wp-image-642\" src=\"http:\/\/feng-shui-dao.de\/wp-content\/uploads\/2018\/01\/GEO11-150x150.jpg\" alt=\"\" width=\"735\" height=\"854\" srcset=\"https:\/\/feng-shui-dao.de\/wp-content\/uploads\/2018\/01\/GEO11-258x300.jpg 258w, https:\/\/feng-shui-dao.de\/wp-content\/uploads\/2018\/01\/GEO11-768x892.jpg 768w, https:\/\/feng-shui-dao.de\/wp-content\/uploads\/2018\/01\/GEO11-882x1024.jpg 882w, https:\/\/feng-shui-dao.de\/wp-content\/uploads\/2018\/01\/GEO11.jpg 1575w\" sizes=\"(max-width: 735px) 100vw, 735px\" \/><figcaption class=\"caption wp-caption-text\">Das was in der Erde lagert, kann durchaus eine Wirkung auf die Menschen in Geb\u00e4uden dar\u00fcber erzeugen.<\/figcaption><\/figure>\n<p>Ein Standort und dessen Geschichte kann eine Schwingung aufzeigen, die noch heute Menschen beeinflussen kann. Ereignisse an spezifischen Orten aus der Vergangenheit k\u00f6nnen durchaus eine Wirkung im Jetzt entfalten. Es ist m\u00f6glich solche Einfl\u00fcsse beim Wachstum von Gr\u00fcnpflanzen auf Freifl\u00e4chen erkennen. Anhand von B\u00e4umen und deren Struktur lassen sich manchmal auch R\u00fcckschl\u00fcsse ziehen was in der Erde oder ob eine Feldwirkung vorhanden sein kann, denn diese beeinflussen sein Wachstum. Ein Baum kann den Standort nicht wechseln und demnach wirkt sich das auf sein &#8222;Leben&#8220; aus.<\/p>\n<style>#jtg-2 .modula-item .jtg-social a, .lightbox-socials.jtg-social a{ fill: #ffffff; color: #ffffff }#jtg-2 .modula-item .jtg-social-expandable a, #jtg-2 .modula-item .jtg-social-expandable-icons a{ fill: #ffffff; color: #ffffff }#jtg-2 .modula-item .jtg-social svg, .lightbox-socials.jtg-social svg { height: 16px; width: 16px }#jtg-2 .modula-item .jtg-social-expandable svg { height: 16px; width: 16px }#jtg-2 .modula-item .jtg-social-expandable-icons svg { height: 16px; width: 16px }#jtg-2 .modula-item .jtg-social a:not(:last-child), .lightbox-socials.jtg-social a:not(:last-child) { margin-right: 10px }#jtg-2 .modula-item .jtg-social-expandable-icons { gap: 10px }#jtg-2 .modula-item .figc {color:#ffffff;}#jtg-2 .modula-item .figc .jtg-title {  font-size: 16px; }#jtg-2 .modula-item .modula-item-content { transform: scale(1); }#jtg-2 { width:100%;}#jtg-2 .modula-items{height:800px;}@media screen and (max-width: 992px) {#jtg-2 .modula-items{height:800px;}}@media screen and (max-width: 768px) {#jtg-2 .modula-items{height:800px;}}#jtg-2 .modula-items .figc p.description { font-size:14px; }#jtg-2 .modula-items .figc p.description { color:#ffffff;}#jtg-2.modula-gallery .modula-item > a, #jtg-2.modula-gallery .modula-item, #jtg-2.modula-gallery .modula-item-content > a:not(.modula-no-follow) { cursor:zoom-in; } #jtg-2.modula-gallery .modula-item-content .modula-no-follow { cursor: default; } #jtg-2 .item { background-color:#ffffff; }#jtg-2 .item:hover img { opacity: 0.5; }#jtg-2 .item { transform: scale(1) translate(0px,0px) rotate(0deg); }body #swipebox-overlay { background-color: #755d29; }@media screen and (max-width:480px){#jtg-2 .modula-item .figc .jtg-title {  font-size: 12px; }#jtg-2 .modula-items .figc p.description { color:#ffffff;font-size:10px; }}<\/style>\n<div  id=\"jtg-2\" class=\"modula modula-gallery modula-creative-gallery\" data-config=\"{&quot;height&quot;:800,&quot;tabletHeight&quot;:800,&quot;mobileHeight&quot;:800,&quot;desktopHeight&quot;:800,&quot;enableTwitter&quot;:false,&quot;enableWhatsapp&quot;:false,&quot;enableFacebook&quot;:false,&quot;enablePinterest&quot;:false,&quot;enableLinkedin&quot;:false,&quot;enableEmail&quot;:false,&quot;randomFactor&quot;:0.5,&quot;type&quot;:&quot;creative-gallery&quot;,&quot;columns&quot;:12,&quot;gutter&quot;:10,&quot;mobileGutter&quot;:10,&quot;tabletGutter&quot;:10,&quot;desktopGutter&quot;:10,&quot;enableResponsive&quot;:&quot;0&quot;,&quot;tabletColumns&quot;:&quot;2&quot;,&quot;mobileColumns&quot;:&quot;1&quot;,&quot;lazyLoad&quot;:0,&quot;lightboxOpts&quot;:{&quot;animated&quot;:true,&quot;Thumbs&quot;:{&quot;type&quot;:&quot;modern&quot;,&quot;showOnStart&quot;:false},&quot;Toolbar&quot;:{&quot;display&quot;:{&quot;right&quot;:[&quot;close&quot;]},&quot;enabled&quot;:true},&quot;Carousel&quot;:{&quot;Panzoom&quot;:{&quot;touch&quot;:false},&quot;infinite&quot;:false},&quot;keyboard&quot;:{&quot;Escape&quot;:&quot;close&quot;,&quot;Delete&quot;:&quot;close&quot;,&quot;Backspace&quot;:&quot;close&quot;,&quot;PageUp&quot;:false,&quot;PageDown&quot;:false,&quot;ArrowUp&quot;:false,&quot;ArrowDown&quot;:false,&quot;ArrowRight&quot;:false,&quot;ArrowLeft&quot;:false},&quot;touch&quot;:false,&quot;backdropClick&quot;:false,&quot;l10n&quot;:{&quot;CLOSE&quot;:&quot;Close&quot;,&quot;NEXT&quot;:&quot;Next&quot;,&quot;PREV&quot;:&quot;Previous&quot;,&quot;Error&quot;:&quot;The requested content cannot be loaded. Please try again later.&quot;,&quot;PLAY_START&quot;:&quot;Start slideshow&quot;,&quot;PLAY_STOP&quot;:&quot;Pause slideshow&quot;,&quot;FULL_SCREEN&quot;:&quot;Full screen&quot;,&quot;THUMBS&quot;:&quot;Thumbnails&quot;,&quot;DOWNLOAD&quot;:&quot;Download&quot;,&quot;SHARE&quot;:&quot;Share&quot;,&quot;ZOOM&quot;:&quot;Zoom&quot;,&quot;EMAIL&quot;:&quot;Here is the link to the image : %%image_link%% and this is the link to the gallery : %%gallery_link%%&quot;,&quot;MODAL&quot;:&quot;You can close this modal content with the ESC key&quot;,&quot;ERROR&quot;:&quot;Something Went Wrong, Please Try Again Later&quot;,&quot;IMAGE_ERROR&quot;:&quot;Image Not Found&quot;,&quot;ELEMENT_NOT_FOUND&quot;:&quot;HTML Element Not Found&quot;,&quot;AJAX_NOT_FOUND&quot;:&quot;Error Loading AJAX : Not Found&quot;,&quot;AJAX_FORBIDDEN&quot;:&quot;Error Loading AJAX : Forbidden&quot;,&quot;IFRAME_ERROR&quot;:&quot;Error Loading Page&quot;,&quot;TOGGLE_ZOOM&quot;:&quot;Toggle zoom level&quot;,&quot;TOGGLE_THUMBS&quot;:&quot;Toggle thumbnails&quot;,&quot;TOGGLE_SLIDESHOW&quot;:&quot;Toggle slideshow&quot;,&quot;TOGGLE_FULLSCREEN&quot;:&quot;Toggle full-screen mode&quot;},&quot;Images&quot;:{&quot;Panzoom&quot;:{&quot;maxScale&quot;:2}},&quot;mainClass&quot;:&quot;modula-fancybox-container modula-lightbox-jtg-2&quot;,&quot;Html&quot;:{&quot;videoAutoplay&quot;:0,&quot;videoTpl&quot;:&quot;&lt;video class=\\&quot;fancybox__html5video\\&quot; controls muted playsinline controlsList controlsList=\\&quot;nodownload\\&quot; poster=\\&quot;{{poster}}\\&quot; src=\\&quot;{{src}}\\&quot; type=\\&quot;{{format}}\\&quot; &gt;  Sorry, your browser doesn&#039;t support embedded videos, &lt;a href=\\&quot;{{src}}\\&quot;&gt; download &lt;\\\/a&gt; and watch with your favorite video player! &lt;\\\/video&gt;&quot;}},&quot;inView&quot;:false,&quot;email_subject&quot;:&quot;Check out this awesome image !!&quot;,&quot;email_message&quot;:&quot;Here is the link to the image : %%image_link%% and this is the link to the gallery : %%gallery_link%% &quot;,&quot;lightbox&quot;:&quot;fancybox&quot;,&quot;filterClick&quot;:&quot;0&quot;}\">\n\n\t\n\t<div  class=\"modula-items\">\n\t\t<div class=\"modula-item effect-comodo jtg-filter-\" >\n\t<div class=\"modula-item-overlay\"><\/div>\n\n\t<div class=\"modula-item-content\">\n\n\t\t\t\t\n\t\t\t\t\t<a data-image-id=\"770\" role=\"button\" tabindex=\"0\" href=\"https:\/\/feng-shui-dao.de\/wp-content\/uploads\/2018\/01\/Baum-5.jpg\" rel=\"jtg-2\" data-caption=\"\" aria-label=\"Open image in lightbox\" class=\"tile-inner modula-item-link\"><\/a>\n\t\t\n\t\t<img loading=\"lazy\" decoding=\"async\" class=\"pic wp-image-770\"  data-valign=\"middle\" data-halign=\"center\" alt=\"\" data-full=\"https:\/\/feng-shui-dao.de\/wp-content\/uploads\/2018\/01\/Baum-5.jpg\" title=\"Baumkrebs\" width=\"300\" height=\"214\" src=\"https:\/\/feng-shui-dao.de\/wp-content\/uploads\/2018\/01\/Baum-5-300x214.jpg\" data-src=\"https:\/\/feng-shui-dao.de\/wp-content\/uploads\/2018\/01\/Baum-5-300x214.jpg\" data-caption=\"\" srcset=\"https:\/\/feng-shui-dao.de\/wp-content\/uploads\/2018\/01\/Baum-5.jpg 1151w, https:\/\/feng-shui-dao.de\/wp-content\/uploads\/2018\/01\/Baum-5-300x214.jpg 300w, https:\/\/feng-shui-dao.de\/wp-content\/uploads\/2018\/01\/Baum-5-768x548.jpg 768w, https:\/\/feng-shui-dao.de\/wp-content\/uploads\/2018\/01\/Baum-5-1024x731.jpg 1024w\" sizes=\"(max-width: 300px) 100vw, 300px\" \/>\n\t\t<div class=\"figc no-description\">\n\t\t\t<div class=\"figc-inner\">\n\t\t\t\t\t\t\t\t\t<div class='jtg-title'>Baumkrebs<\/div>\n\t\t\t\t\t\t\t\t\t\t\t\t\t\t\t\t\t<div class=\"jtg-social\">\n\t\t\t\t\t\t\t\t\t\t\t\t\t\t\t\t\t\t\t\t\t\t\t\t\t\t\t\t\t\t\t\t\t\t\t\t\t\t\t\t\t\t\t\t\t\t\t<\/div>\n\t\t\t\t\t\t\t<\/div>\n\t\t<\/div>\n\n\t<\/div>\n\n<\/div><div class=\"modula-item effect-comodo jtg-filter-\" >\n\t<div class=\"modula-item-overlay\"><\/div>\n\n\t<div class=\"modula-item-content\">\n\n\t\t\t\t\n\t\t\t\t\t<a data-image-id=\"769\" role=\"button\" tabindex=\"0\" href=\"https:\/\/feng-shui-dao.de\/wp-content\/uploads\/2018\/01\/Baum-4.jpg\" rel=\"jtg-2\" data-caption=\"\" aria-label=\"Open image in lightbox\" class=\"tile-inner modula-item-link\"><\/a>\n\t\t\n\t\t<img loading=\"lazy\" decoding=\"async\" class=\"pic wp-image-769\"  data-valign=\"middle\" data-halign=\"center\" alt=\"\" data-full=\"https:\/\/feng-shui-dao.de\/wp-content\/uploads\/2018\/01\/Baum-4.jpg\" title=\"Kraftplatz\" width=\"225\" height=\"300\" src=\"https:\/\/feng-shui-dao.de\/wp-content\/uploads\/2018\/01\/Baum-4-225x300.jpg\" data-src=\"https:\/\/feng-shui-dao.de\/wp-content\/uploads\/2018\/01\/Baum-4-225x300.jpg\" data-caption=\"\" srcset=\"https:\/\/feng-shui-dao.de\/wp-content\/uploads\/2018\/01\/Baum-4.jpg 650w, https:\/\/feng-shui-dao.de\/wp-content\/uploads\/2018\/01\/Baum-4-225x300.jpg 225w\" sizes=\"(max-width: 225px) 100vw, 225px\" \/>\n\t\t<div class=\"figc no-description\">\n\t\t\t<div class=\"figc-inner\">\n\t\t\t\t\t\t\t\t\t<div class='jtg-title'>Kraftplatz<\/div>\n\t\t\t\t\t\t\t\t\t\t\t\t\t\t\t\t\t<div class=\"jtg-social\">\n\t\t\t\t\t\t\t\t\t\t\t\t\t\t\t\t\t\t\t\t\t\t\t\t\t\t\t\t\t\t\t\t\t\t\t\t\t\t\t\t\t\t\t\t\t\t\t<\/div>\n\t\t\t\t\t\t\t<\/div>\n\t\t<\/div>\n\n\t<\/div>\n\n<\/div><div class=\"modula-item effect-comodo jtg-filter-\" >\n\t<div class=\"modula-item-overlay\"><\/div>\n\n\t<div class=\"modula-item-content\">\n\n\t\t\t\t\n\t\t\t\t\t<a data-image-id=\"768\" role=\"button\" tabindex=\"0\" href=\"https:\/\/feng-shui-dao.de\/wp-content\/uploads\/2018\/01\/Baum-3.jpg\" rel=\"jtg-2\" data-caption=\"\" aria-label=\"Open image in lightbox\" class=\"tile-inner modula-item-link\"><\/a>\n\t\t\n\t\t<img loading=\"lazy\" decoding=\"async\" class=\"pic wp-image-768\"  data-valign=\"middle\" data-halign=\"center\" alt=\"\" data-full=\"https:\/\/feng-shui-dao.de\/wp-content\/uploads\/2018\/01\/Baum-3.jpg\" title=\"Kraftplatz\" width=\"225\" height=\"300\" src=\"https:\/\/feng-shui-dao.de\/wp-content\/uploads\/2018\/01\/Baum-3-225x300.jpg\" data-src=\"https:\/\/feng-shui-dao.de\/wp-content\/uploads\/2018\/01\/Baum-3-225x300.jpg\" data-caption=\"\" srcset=\"https:\/\/feng-shui-dao.de\/wp-content\/uploads\/2018\/01\/Baum-3.jpg 657w, https:\/\/feng-shui-dao.de\/wp-content\/uploads\/2018\/01\/Baum-3-225x300.jpg 225w\" sizes=\"(max-width: 225px) 100vw, 225px\" \/>\n\t\t<div class=\"figc no-description\">\n\t\t\t<div class=\"figc-inner\">\n\t\t\t\t\t\t\t\t\t<div class='jtg-title'>Kraftplatz<\/div>\n\t\t\t\t\t\t\t\t\t\t\t\t\t\t\t\t\t<div class=\"jtg-social\">\n\t\t\t\t\t\t\t\t\t\t\t\t\t\t\t\t\t\t\t\t\t\t\t\t\t\t\t\t\t\t\t\t\t\t\t\t\t\t\t\t\t\t\t\t\t\t\t<\/div>\n\t\t\t\t\t\t\t<\/div>\n\t\t<\/div>\n\n\t<\/div>\n\n<\/div><div class=\"modula-item effect-comodo jtg-filter-\" >\n\t<div class=\"modula-item-overlay\"><\/div>\n\n\t<div class=\"modula-item-content\">\n\n\t\t\t\t\n\t\t\t\t\t<a data-image-id=\"767\" role=\"button\" tabindex=\"0\" href=\"https:\/\/feng-shui-dao.de\/wp-content\/uploads\/2018\/01\/Baum-2.jpg\" rel=\"jtg-2\" data-caption=\"\" aria-label=\"Open image in lightbox\" class=\"tile-inner modula-item-link\"><\/a>\n\t\t\n\t\t<img loading=\"lazy\" decoding=\"async\" class=\"pic wp-image-767\"  data-valign=\"middle\" data-halign=\"center\" alt=\"\" data-full=\"https:\/\/feng-shui-dao.de\/wp-content\/uploads\/2018\/01\/Baum-2.jpg\" title=\"St\u00f6rfeld\" width=\"225\" height=\"300\" src=\"https:\/\/feng-shui-dao.de\/wp-content\/uploads\/2018\/01\/Baum-2-225x300.jpg\" data-src=\"https:\/\/feng-shui-dao.de\/wp-content\/uploads\/2018\/01\/Baum-2-225x300.jpg\" data-caption=\"\" srcset=\"https:\/\/feng-shui-dao.de\/wp-content\/uploads\/2018\/01\/Baum-2.jpg 647w, https:\/\/feng-shui-dao.de\/wp-content\/uploads\/2018\/01\/Baum-2-225x300.jpg 225w\" sizes=\"(max-width: 225px) 100vw, 225px\" \/>\n\t\t<div class=\"figc no-description\">\n\t\t\t<div class=\"figc-inner\">\n\t\t\t\t\t\t\t\t\t<div class='jtg-title'>St\u00f6rfeld<\/div>\n\t\t\t\t\t\t\t\t\t\t\t\t\t\t\t\t\t<div class=\"jtg-social\">\n\t\t\t\t\t\t\t\t\t\t\t\t\t\t\t\t\t\t\t\t\t\t\t\t\t\t\t\t\t\t\t\t\t\t\t\t\t\t\t\t\t\t\t\t\t\t\t<\/div>\n\t\t\t\t\t\t\t<\/div>\n\t\t<\/div>\n\n\t<\/div>\n\n<\/div><div class=\"modula-item effect-comodo jtg-filter-\" >\n\t<div class=\"modula-item-overlay\"><\/div>\n\n\t<div class=\"modula-item-content\">\n\n\t\t\t\t\n\t\t\t\t\t<a data-image-id=\"766\" role=\"button\" tabindex=\"0\" href=\"https:\/\/feng-shui-dao.de\/wp-content\/uploads\/2018\/01\/Baum-1.jpg\" rel=\"jtg-2\" data-caption=\"\" aria-label=\"Open image in lightbox\" class=\"tile-inner modula-item-link\"><\/a>\n\t\t\n\t\t<img loading=\"lazy\" decoding=\"async\" class=\"pic wp-image-766\"  data-valign=\"middle\" data-halign=\"center\" alt=\"\" data-full=\"https:\/\/feng-shui-dao.de\/wp-content\/uploads\/2018\/01\/Baum-1.jpg\" title=\"St\u00f6rfeld\" width=\"225\" height=\"300\" src=\"https:\/\/feng-shui-dao.de\/wp-content\/uploads\/2018\/01\/Baum-1-225x300.jpg\" data-src=\"https:\/\/feng-shui-dao.de\/wp-content\/uploads\/2018\/01\/Baum-1-225x300.jpg\" data-caption=\"\" srcset=\"https:\/\/feng-shui-dao.de\/wp-content\/uploads\/2018\/01\/Baum-1.jpg 650w, https:\/\/feng-shui-dao.de\/wp-content\/uploads\/2018\/01\/Baum-1-225x300.jpg 225w\" sizes=\"(max-width: 225px) 100vw, 225px\" \/>\n\t\t<div class=\"figc no-description\">\n\t\t\t<div class=\"figc-inner\">\n\t\t\t\t\t\t\t\t\t<div class='jtg-title'>St\u00f6rfeld<\/div>\n\t\t\t\t\t\t\t\t\t\t\t\t\t\t\t\t\t<div class=\"jtg-social\">\n\t\t\t\t\t\t\t\t\t\t\t\t\t\t\t\t\t\t\t\t\t\t\t\t\t\t\t\t\t\t\t\t\t\t\t\t\t\t\t\t\t\t\t\t\t\t\t<\/div>\n\t\t\t\t\t\t\t<\/div>\n\t\t<\/div>\n\n\t<\/div>\n\n<\/div>\t\t\n\t<\/div>\n\n\t\n\t\n\t<script type=\"application\/ld+json\">\n\t{\n\t\t\"@context\": \"http:\/\/schema.org\",\n\t\t\"@type\"   : \"ImageGallery\",\n\t\t\"id\"      : \"https:\/\/feng-shui-dao.de\/?page_id=603\/\",\n\t\t\"url\"     : \"https:\/\/feng-shui-dao.de\/?page_id=603\/\"\n\t}\n\n\t<\/script>\n\n\t\n<\/div>\n\n<p>&nbsp;<\/p>\n<\/div>\n<\/div>\n","protected":false},"excerpt":{"rendered":"<p>Die Wissenschaft der Geomantie Die Kunst der Geomantie wurde in vielen Kulturen der Welt praktiziert, bis sie im letzten Jahrhundert in der westlichen Welt mehr und mehr verloren ging. Man begann Materie nicht mehr als Energieform, als etwas Lebendiges und Beseeltes zu betrachten, sondern als etwas Statisches und Unbelebtes. In Europa wird die Kunst der<\/p>\n<div><a class=\"btn-filled btn\" href=\"https:\/\/feng-shui-dao.de\/?page_id=603\" title=\"Geomantie\">Weiterlesen<\/a><\/div>\n","protected":false},"author":1,"featured_media":0,"parent":0,"menu_order":0,"comment_status":"closed","ping_status":"closed","template":"","meta":{"footnotes":""},"_links":{"self":[{"href":"https:\/\/feng-shui-dao.de\/index.php?rest_route=\/wp\/v2\/pages\/603"}],"collection":[{"href":"https:\/\/feng-shui-dao.de\/index.php?rest_route=\/wp\/v2\/pages"}],"about":[{"href":"https:\/\/feng-shui-dao.de\/index.php?rest_route=\/wp\/v2\/types\/page"}],"author":[{"embeddable":true,"href":"https:\/\/feng-shui-dao.de\/index.php?rest_route=\/wp\/v2\/users\/1"}],"replies":[{"embeddable":true,"href":"https:\/\/feng-shui-dao.de\/index.php?rest_route=%2Fwp%2Fv2%2Fcomments&post=603"}],"version-history":[{"count":41,"href":"https:\/\/feng-shui-dao.de\/index.php?rest_route=\/wp\/v2\/pages\/603\/revisions"}],"predecessor-version":[{"id":853,"href":"https:\/\/feng-shui-dao.de\/index.php?rest_route=\/wp\/v2\/pages\/603\/revisions\/853"}],"wp:attachment":[{"href":"https:\/\/feng-shui-dao.de\/index.php?rest_route=%2Fwp%2Fv2%2Fmedia&parent=603"}],"curies":[{"name":"wp","href":"https:\/\/api.w.org\/{rel}","templated":true}]}}