{"id":66,"date":"2017-02-26T20:18:40","date_gmt":"2017-02-26T20:18:40","guid":{"rendered":"http:\/\/feng-shui-dao.de\/?page_id=66"},"modified":"2018-03-25T13:04:09","modified_gmt":"2018-03-25T13:04:09","slug":"consulting","status":"publish","type":"page","link":"https:\/\/feng-shui-dao.de\/?page_id=66","title":{"rendered":"\u00dcber mich"},"content":{"rendered":"<figure id=\"attachment_69\" class=\"thumbnail wp-caption alignnone style=\"width: 460px\"><img loading=\"lazy\" decoding=\"async\" class=\"wp-image-69\" src=\"http:\/\/feng-shui-dao.de\/wp-content\/uploads\/2017\/02\/Gary-Zen-Garden-201x300.jpg\" alt=\"\" width=\"450\" height=\"671\" srcset=\"https:\/\/feng-shui-dao.de\/wp-content\/uploads\/2017\/02\/Gary-Zen-Garden-201x300.jpg 201w, https:\/\/feng-shui-dao.de\/wp-content\/uploads\/2017\/02\/Gary-Zen-Garden-768x1144.jpg 768w, https:\/\/feng-shui-dao.de\/wp-content\/uploads\/2017\/02\/Gary-Zen-Garden-687x1024.jpg 687w, https:\/\/feng-shui-dao.de\/wp-content\/uploads\/2017\/02\/Gary-Zen-Garden.jpg 800w\" sizes=\"(max-width: 450px) 100vw, 450px\" \/><figcaption class=\"caption wp-caption-text\">Gary Gerald Josef &#8211; Ihr Berater des Qi-MAG Institutes-<\/figcaption><\/figure>\n<p>Das Bild ist zwar nun ein paar Jahre alt, aber es zeigt mich an einem besonderen Platz. Der Baum und der Stein streben nach einer Synergie die wir nicht sehen k\u00f6nnen. In der Betrachtung der Naturgesetze ist dies logisch. Yin der Stein ist ruhend, fest, stabil und ver\u00e4ndert sich kaum, der Baum ist das Gegenteil das Yang, im Verh\u00e4ltnis weicher, beweglich und ist in Ver\u00e4nderung nach den 4 Jahreszeiten der Natur. Im Wachstum, Entfaltung, mit der Erde verwurzelt. Und dieser schmiegt sich harmonisch an den Stein um mehr Halt zu bekommen. Es zeigt uns Menschen wie es sein kann, im Miteinander.<\/p>\n<p>Ich habe in meinem Leben vieles erlebt und von verschiedenen Kulturen viel \u00fcber die Natur erfahren, was ich weitertragen m\u00f6chte.\u00a0 Ein Wissen, Erkenntnisse und deren Anwendungen die seit Jahrhunderten gar Jahrtausenden exitistieren. Die Natur, die Erde ist unser Zuhause auf der wir mit allem verbunden sind. Mit meiner Arbeit m\u00f6chte ich meinen Mitmenschen dieses etwas wieder nahelegen, was mir am Herzen liegt. Viele Krankheiten, wie Burnout wie wir sie heute kennen, haben oftmals auch mit unbewusster Gestaltung zu tun. Vergessen scheinbar ist der Kreis innerhalb der Natur mit diesem wir von Arm bis Reich verbunden sind. Diesen gilt es wieder zu entdecken, wollen wir pr\u00e4ventiv Langlebigkeit und Gesundheit f\u00f6rdern. Auch um vielleicht die Singularit\u00e4t, die Einheit von uns Menschen mit der Natur wieder zu sp\u00fcren. F\u00fcr Harmonie, Frieden, Freude in einem guten Miteinander auf globaler Ebene. Meine Kunden konnten und k\u00f6nnen auch noch heute von meinem reichen Erfahrungschatz und dem profitieren was ich bei den Beratungen hinterlassen habe. Einen Schatz der Sie mit dem zeitlosen und grenzenlosen verbindet das wir Leben nennen.<\/p>\n<p style=\"text-align: center;\"><img loading=\"lazy\" decoding=\"async\" class=\"alignnone wp-image-32\" src=\"http:\/\/feng-shui-dao.de\/wp-content\/uploads\/2017\/02\/Vital-Siegel-frei.png\" width=\"135\" height=\"135\" \/><\/p>\n<p>Meine Ausbildungen, besser Erfahrungen kommen aus dem Bereich der Technik, Architektur (25 Jahre Interieur und Gestaltung), der Alternativmedizin und der eines Weltenbummlers der viele Kulturen besucht hat. Dazu geh\u00f6ren Ureinwohner Australiens,\u00a0 Tibetische M\u00f6nche, weise asiatische Gelehrte, Musiker aus Afrika oder die Ureinwohner S\u00fcdamerikas. Jede Kultur hat einen Schatz von Erfahrungen, ein Wissen das wir teilen k\u00f6nnen und auch sollten. Zudem pflege ich gute Kontakte zu Naturwissenschaftlern sowie auch Physikern die in der Teilchen und Quantenphysik t\u00e4tig sind. Diese haben mir wie andere aufgezeigt das Feng Shui keine Esoterik ist, sondern auch hier logisch auf die Einheit und dem Wirken von Naturgesetzen hinweist deren Regelwerke f\u00fcr uns Menschen zeitlos wichtig sind. Darum sehe ich den Begriff Umwelt eher ung\u00fcnstig, da faktisch von einer Mitwelt zu sprechen ist.<\/p>\n<figure id=\"attachment_742\" class=\"thumbnail wp-caption aligncenter style=\"width: 510px\"><img loading=\"lazy\" decoding=\"async\" class=\"wp-image-742\" src=\"http:\/\/feng-shui-dao.de\/wp-content\/uploads\/2018\/01\/Dr.-Bruce-Lipton-e1515673694770.jpg\" alt=\"\" width=\"500\" height=\"318\" srcset=\"https:\/\/feng-shui-dao.de\/wp-content\/uploads\/2018\/01\/Dr.-Bruce-Lipton-e1515673694770.jpg 705w, https:\/\/feng-shui-dao.de\/wp-content\/uploads\/2018\/01\/Dr.-Bruce-Lipton-e1515673694770-300x191.jpg 300w\" sizes=\"(max-width: 500px) 100vw, 500px\" \/><figcaption class=\"caption wp-caption-text\">Dr. Bruce Lipton -Entwicklungsbiologe und Stammzellforscher-<\/figcaption><\/figure>\n<figure id=\"attachment_166\" class=\"thumbnail wp-caption aligncenter style=\"width: 510px\"><img loading=\"lazy\" decoding=\"async\" class=\"wp-image-166\" src=\"http:\/\/feng-shui-dao.de\/wp-content\/uploads\/2017\/02\/MAGIC-JES-TY-LIM2-150x150.jpg\" alt=\"\" width=\"500\" height=\"667\" srcset=\"https:\/\/feng-shui-dao.de\/wp-content\/uploads\/2017\/02\/MAGIC-JES-TY-LIM2-225x300.jpg 225w, https:\/\/feng-shui-dao.de\/wp-content\/uploads\/2017\/02\/MAGIC-JES-TY-LIM2.jpg 600w\" sizes=\"(max-width: 500px) 100vw, 500px\" \/><figcaption class=\"caption wp-caption-text\">Prof. Dr. Jes T.Y. Lim -Gr\u00fcnder und Leiter des Qi-MAG International Institutes-<\/figcaption><\/figure>\n<p>Mein gesch\u00e4tzer Mentor, Lehrer, Meister und Freund \u00fcber viele Jahre.<\/p>\n<p>In tiefster Hochachtung f\u00fcr sein enormes Wirken weltweit um das taoistische Wissen von Generationen zu erhalten und weiterzutragen.<strong><br \/>\n<\/strong><\/p>\n<p><img loading=\"lazy\" decoding=\"async\" class=\"alignnone size-full wp-image-10 aligncenter\" src=\"http:\/\/feng-shui-dao.de\/wp-content\/uploads\/2017\/02\/windwasser-Png.png\" alt=\"\" width=\"157\" height=\"157\" srcset=\"https:\/\/feng-shui-dao.de\/wp-content\/uploads\/2017\/02\/windwasser-Png.png 157w, https:\/\/feng-shui-dao.de\/wp-content\/uploads\/2017\/02\/windwasser-Png-150x150.png 150w\" sizes=\"(max-width: 157px) 100vw, 157px\" \/><\/p>\n<p>Die \u00e4lteste Kaligraphie f\u00fcr die Beschreibung von Wind &amp; Wasser.<\/p>\n<p>Links sehen Sie die sanften Bewegungen von Wind &amp; Wasser und Rechts ein Gef\u00e4ss.<\/p>\n<p>Darum geht es in meiner Arbeit als Feng Shui Berater.<\/p>\n<p>Die Wirkkr\u00e4fte in den Lebensumgebungen f\u00fcr Menschen zu optimieren und diese f\u00fcr ihr Wohl, deren Familien und deren Mitarbeiter zu optmimieren. F\u00fcr ein besseres Miteinander auch mit der Natur. Freuen Sie sich auf wundervolle Erkenntnisse und die Wirkung der Empfehlungen.<strong><br \/>\n<\/strong><\/p>\n<figure id=\"attachment_611\" class=\"thumbnail wp-caption aligncenter style=\"width: 460px\"><img loading=\"lazy\" decoding=\"async\" class=\"wp-image-611\" src=\"http:\/\/feng-shui-dao.de\/wp-content\/uploads\/2018\/01\/Fotolia_53954798_S-300x200.jpg\" alt=\"\" width=\"450\" height=\"300\" srcset=\"https:\/\/feng-shui-dao.de\/wp-content\/uploads\/2018\/01\/Fotolia_53954798_S-300x200.jpg 300w, https:\/\/feng-shui-dao.de\/wp-content\/uploads\/2018\/01\/Fotolia_53954798_S-768x512.jpg 768w, https:\/\/feng-shui-dao.de\/wp-content\/uploads\/2018\/01\/Fotolia_53954798_S.jpg 849w\" sizes=\"(max-width: 450px) 100vw, 450px\" \/><figcaption class=\"caption wp-caption-text\">&#8222;In den kleinsten Dingen zeigt die Natur ihre allergr\u00f6\u00dften Wunder.&#8220; Carl von Linne<\/figcaption><\/figure>\n","protected":false},"excerpt":{"rendered":"<p>Das Bild ist zwar nun ein paar Jahre alt, aber es zeigt mich an einem besonderen Platz. Der Baum und der Stein streben nach einer Synergie die wir nicht sehen k\u00f6nnen. In der Betrachtung der Naturgesetze ist dies logisch. Yin der Stein ist ruhend, fest, stabil und ver\u00e4ndert sich kaum, der Baum ist das Gegenteil<\/p>\n<div><a class=\"btn-filled btn\" href=\"https:\/\/feng-shui-dao.de\/?page_id=66\" title=\"\u00dcber mich\">Weiterlesen<\/a><\/div>\n","protected":false},"author":1,"featured_media":0,"parent":0,"menu_order":0,"comment_status":"closed","ping_status":"closed","template":"","meta":{"footnotes":""},"_links":{"self":[{"href":"https:\/\/feng-shui-dao.de\/index.php?rest_route=\/wp\/v2\/pages\/66"}],"collection":[{"href":"https:\/\/feng-shui-dao.de\/index.php?rest_route=\/wp\/v2\/pages"}],"about":[{"href":"https:\/\/feng-shui-dao.de\/index.php?rest_route=\/wp\/v2\/types\/page"}],"author":[{"embeddable":true,"href":"https:\/\/feng-shui-dao.de\/index.php?rest_route=\/wp\/v2\/users\/1"}],"replies":[{"embeddable":true,"href":"https:\/\/feng-shui-dao.de\/index.php?rest_route=%2Fwp%2Fv2%2Fcomments&post=66"}],"version-history":[{"count":91,"href":"https:\/\/feng-shui-dao.de\/index.php?rest_route=\/wp\/v2\/pages\/66\/revisions"}],"predecessor-version":[{"id":876,"href":"https:\/\/feng-shui-dao.de\/index.php?rest_route=\/wp\/v2\/pages\/66\/revisions\/876"}],"wp:attachment":[{"href":"https:\/\/feng-shui-dao.de\/index.php?rest_route=%2Fwp%2Fv2%2Fmedia&parent=66"}],"curies":[{"name":"wp","href":"https:\/\/api.w.org\/{rel}","templated":true}]}}