{"id":95,"date":"2017-02-27T10:57:40","date_gmt":"2017-02-27T10:57:40","guid":{"rendered":"http:\/\/feng-shui-dao.de\/?page_id=95"},"modified":"2018-03-14T13:05:57","modified_gmt":"2018-03-14T13:05:57","slug":"referenzen","status":"publish","type":"page","link":"https:\/\/feng-shui-dao.de\/?page_id=95","title":{"rendered":"Referenzen"},"content":{"rendered":"<p>Als Interieur Designer bin ich seit \u00fcber 25 Jahre in vielen Geb\u00e4uden t\u00e4tig und konnte bei vielen Kunden individuell f\u00fcr eine\u00a0 Gestaltung positiv wirken.<\/p>\n<p>23 Jahre Interieurdesigner bei Roter Punkt N\u00fcrnberg: www.roterpunkt.de<\/p>\n<p>Nicht nur bei gesch\u00e4ftlichen Projekten arbeite ich gerne in Kooperation, mit Ihrem Architekt und Handwerker.<\/p>\n<p>In Unternehmen konnte ich im Coporate Design genauso wie bei Gesamtkonzepten hilfreich mitwirken.<\/p>\n<p>Gesch\u00e4ftskunden waren: Audi, VW, Sch\u00e4fer Shop, mehrere mittelst\u00e4ndische Betriebe, Steuerkanzleien und der Einzelhandel.<\/p>\n<p style=\"text-align: left;\"><\/p>\n","protected":false},"excerpt":{"rendered":"<p>Als Interieur Designer bin ich seit \u00fcber 25 Jahre in vielen Geb\u00e4uden t\u00e4tig und konnte bei vielen Kunden individuell f\u00fcr eine\u00a0 Gestaltung positiv wirken. 23 Jahre Interieurdesigner bei Roter Punkt N\u00fcrnberg: www.roterpunkt.de Nicht nur bei gesch\u00e4ftlichen Projekten arbeite ich gerne in Kooperation, mit Ihrem Architekt und Handwerker. In Unternehmen konnte ich im Coporate Design genauso<\/p>\n<div><a class=\"btn-filled btn\" href=\"https:\/\/feng-shui-dao.de\/?page_id=95\" title=\"Referenzen\">Weiterlesen<\/a><\/div>\n","protected":false},"author":1,"featured_media":0,"parent":0,"menu_order":0,"comment_status":"closed","ping_status":"closed","template":"","meta":{"footnotes":""},"_links":{"self":[{"href":"https:\/\/feng-shui-dao.de\/index.php?rest_route=\/wp\/v2\/pages\/95"}],"collection":[{"href":"https:\/\/feng-shui-dao.de\/index.php?rest_route=\/wp\/v2\/pages"}],"about":[{"href":"https:\/\/feng-shui-dao.de\/index.php?rest_route=\/wp\/v2\/types\/page"}],"author":[{"embeddable":true,"href":"https:\/\/feng-shui-dao.de\/index.php?rest_route=\/wp\/v2\/users\/1"}],"replies":[{"embeddable":true,"href":"https:\/\/feng-shui-dao.de\/index.php?rest_route=%2Fwp%2Fv2%2Fcomments&post=95"}],"version-history":[{"count":44,"href":"https:\/\/feng-shui-dao.de\/index.php?rest_route=\/wp\/v2\/pages\/95\/revisions"}],"predecessor-version":[{"id":847,"href":"https:\/\/feng-shui-dao.de\/index.php?rest_route=\/wp\/v2\/pages\/95\/revisions\/847"}],"wp:attachment":[{"href":"https:\/\/feng-shui-dao.de\/index.php?rest_route=%2Fwp%2Fv2%2Fmedia&parent=95"}],"curies":[{"name":"wp","href":"https:\/\/api.w.org\/{rel}","templated":true}]}}