{"id":970,"date":"2018-06-09T12:43:51","date_gmt":"2018-06-09T12:43:51","guid":{"rendered":"http:\/\/feng-shui-dao.de\/?page_id=970"},"modified":"2018-06-09T12:44:46","modified_gmt":"2018-06-09T12:44:46","slug":"vital-energi-info-e","status":"publish","type":"page","link":"https:\/\/feng-shui-dao.de\/?page_id=970&lang=en","title":{"rendered":"Vital Energi Info E"},"content":{"rendered":"<p>Als zerfitizierter Vital Energi Bertater stehe ich bei gr\u00f6\u00dferen Projekten, wie Haus, Office und Hotel, in einem Team mit Architekten und Designern gerne zur Verf\u00fcgung.<\/p>\n<p><a href=\"http:\/\/feng-shui-dao.de\/wp-content\/uploads\/2017\/02\/Vital-Energi-Brosch\u00fcre_.pdf\" target=\"_blank\" rel=\"noopener\">Vital-Energi-Brosch\u00fcre<\/a><\/p>\n","protected":false},"excerpt":{"rendered":"<p>Als zerfitizierter Vital Energi Bertater stehe ich bei gr\u00f6\u00dferen Projekten, wie Haus, Office und Hotel, in einem Team mit Architekten und Designern gerne zur Verf\u00fcgung. Vital-Energi-Brosch\u00fcre<\/p>\n","protected":false},"author":1,"featured_media":0,"parent":0,"menu_order":0,"comment_status":"closed","ping_status":"closed","template":"","meta":{"footnotes":""},"_links":{"self":[{"href":"https:\/\/feng-shui-dao.de\/index.php?rest_route=\/wp\/v2\/pages\/970"}],"collection":[{"href":"https:\/\/feng-shui-dao.de\/index.php?rest_route=\/wp\/v2\/pages"}],"about":[{"href":"https:\/\/feng-shui-dao.de\/index.php?rest_route=\/wp\/v2\/types\/page"}],"author":[{"embeddable":true,"href":"https:\/\/feng-shui-dao.de\/index.php?rest_route=\/wp\/v2\/users\/1"}],"replies":[{"embeddable":true,"href":"https:\/\/feng-shui-dao.de\/index.php?rest_route=%2Fwp%2Fv2%2Fcomments&post=970"}],"version-history":[{"count":2,"href":"https:\/\/feng-shui-dao.de\/index.php?rest_route=\/wp\/v2\/pages\/970\/revisions"}],"predecessor-version":[{"id":972,"href":"https:\/\/feng-shui-dao.de\/index.php?rest_route=\/wp\/v2\/pages\/970\/revisions\/972"}],"wp:attachment":[{"href":"https:\/\/feng-shui-dao.de\/index.php?rest_route=%2Fwp%2Fv2%2Fmedia&parent=970"}],"curies":[{"name":"wp","href":"https:\/\/api.w.org\/{rel}","templated":true}]}}